{"id":24,"date":"2025-09-19T21:47:06","date_gmt":"2025-09-19T19:47:06","guid":{"rendered":"https:\/\/elkhawarizmi24.com\/lm2d\/?page_id=24"},"modified":"2025-11-07T18:20:11","modified_gmt":"2025-11-07T17:20:11","slug":"equipe-mdc","status":"publish","type":"page","link":"https:\/\/elkhawarizmi24.com\/lm2d\/equipe-mdc\/","title":{"rendered":"EQUIPE MDC"},"content":{"rendered":"\n<p>Le programme de recherche de l&#8217;\u00e9quipe est ax\u00e9 sur la durabilit\u00e9 des mat\u00e9riaux utilis\u00e9 sp\u00e9cifiquement dans la construction d&#8217;ouvrages . Le travail consiste \u00e0 \u00e9laborer et tester des mat\u00e9riaux cimentaires au laboratoire dans des conditions similaires \u00e0 celles existantes dans la nature. Les mat\u00e9riaux une fois soumis \u00e0 ces conditions on peut mettre au point les mod\u00e8les nous permettant de pr\u00e9dire leurs dur\u00e9es de vie dans de telles conditions et \u00e9tudier la pr\u00e9pond\u00e9rance de l&#8217;influence d&#8217;une condition par rapport \u00e0 une autre . Des mod\u00e8les de mat\u00e9riaux composites \u00e0 matrice thermodurcissables et fibres v\u00e9g\u00e9tales sont en cours d&#8217;\u00e9laboration pour les soumettre aux essais normatifs sur la durabilit\u00e9 . Une mod\u00e9lisation sur logiciel Ansys sera \u00e9labor\u00e9e pour le choix du mod\u00e8le th\u00e9orique .<\/p>\n","protected":false},"excerpt":{"rendered":"<p>Le programme de recherche de l&#8217;\u00e9quipe est ax\u00e9 sur la durabilit\u00e9 des mat\u00e9riaux utilis\u00e9 sp\u00e9cifiquement dans la construction d&#8217;ouvrages . Le travail consiste \u00e0 \u00e9laborer et tester des mat\u00e9riaux cimentaires au laboratoire dans des conditions similaires \u00e0 celles existantes dans la nature. Les mat\u00e9riaux une fois soumis \u00e0 ces conditions on peut mettre au point les mod\u00e8les nous permettant de pr\u00e9dire leurs dur\u00e9es de vie&hellip; <\/p>\n","protected":false},"author":1,"featured_media":0,"parent":0,"menu_order":0,"comment_status":"closed","ping_status":"closed","template":"","meta":{"footnotes":""},"class_list":["post-24","page","type-page","status-publish","hentry","clearfix"],"_links":{"self":[{"href":"https:\/\/elkhawarizmi24.com\/lm2d\/wp-json\/wp\/v2\/pages\/24","targetHints":{"allow":["GET"]}}],"collection":[{"href":"https:\/\/elkhawarizmi24.com\/lm2d\/wp-json\/wp\/v2\/pages"}],"about":[{"href":"https:\/\/elkhawarizmi24.com\/lm2d\/wp-json\/wp\/v2\/types\/page"}],"author":[{"embeddable":true,"href":"https:\/\/elkhawarizmi24.com\/lm2d\/wp-json\/wp\/v2\/users\/1"}],"replies":[{"embeddable":true,"href":"https:\/\/elkhawarizmi24.com\/lm2d\/wp-json\/wp\/v2\/comments?post=24"}],"version-history":[{"count":2,"href":"https:\/\/elkhawarizmi24.com\/lm2d\/wp-json\/wp\/v2\/pages\/24\/revisions"}],"predecessor-version":[{"id":66,"href":"https:\/\/elkhawarizmi24.com\/lm2d\/wp-json\/wp\/v2\/pages\/24\/revisions\/66"}],"wp:attachment":[{"href":"https:\/\/elkhawarizmi24.com\/lm2d\/wp-json\/wp\/v2\/media?parent=24"}],"curies":[{"name":"wp","href":"https:\/\/api.w.org\/{rel}","templated":true}]}}