{"id":26,"date":"2025-09-19T21:47:06","date_gmt":"2025-09-19T19:47:06","guid":{"rendered":"https:\/\/elkhawarizmi24.com\/lm2d\/?page_id=26"},"modified":"2025-09-30T06:01:12","modified_gmt":"2025-09-30T04:01:12","slug":"equipe-ced","status":"publish","type":"page","link":"https:\/\/elkhawarizmi24.com\/lm2d\/equipe-ced\/","title":{"rendered":"EQUIPE CED"},"content":{"rendered":"\n<p>&#8220;La chimie environnementale est l\u2019\u00e9tude des sources, r\u00e9actions, du transport, des impacts et du devenir des produits chimiques dans les \u00e9cosyst\u00e8mes. Elle \u00e9tudie aussi les d\u00e9contaminations apr\u00e8s une pollution chimique. La chimie des mat\u00e9riaux quant a elle repose sur la relation entre les propri\u00e9t\u00e9s, la morphologie structurale et la mise en \u0153uvre des mat\u00e9riaux qui constituent les objets qui nous entourent (m\u00e9taux, polym\u00e8res, semi-conducteurs, c\u00e9ramiques, composites, etc.). Elle se focalise sur l&#8217;\u00e9tude les principaux caract\u00e9ristiques des mat\u00e9riaux, ainsi que leurs propri\u00e9t\u00e9s m\u00e9caniques chimiques, \u00e9lectriques, thermiques, optiques et magn\u00e9tiques. Les diff\u00e9rents objectifs assign\u00e9s a notre \u00e9quipe est \u2022 De suivre la pollution engendr\u00e9e par les nouvelles mol\u00e9cules tr\u00e8s r\u00e9calcitrantes aux proc\u00e9d\u00e9s conventionnels et de d\u00e9velopper de nouveaux proc\u00e9d\u00e9s bases sur les POA et les techniques biologiques \u2022 De d\u00e9velopper de nouveaux mat\u00e9riaux et nanomat\u00e9riaux offrant de nouvelles voies tels par exemple les composites \u2022 \u00c9tudier l\u2019impact de la pollution sur les sols \u2022 D\u00e9velopper de nouvelles techniques bas\u00e9es sur la phytorem\u00e9diation&#8221;<\/p>\n","protected":false},"excerpt":{"rendered":"<p>&#8220;La chimie environnementale est l\u2019\u00e9tude des sources, r\u00e9actions, du transport, des impacts et du devenir des produits chimiques dans les \u00e9cosyst\u00e8mes. Elle \u00e9tudie aussi les d\u00e9contaminations apr\u00e8s une pollution chimique. La chimie des mat\u00e9riaux quant a elle repose sur la relation entre les propri\u00e9t\u00e9s, la morphologie structurale et la mise en \u0153uvre des mat\u00e9riaux qui constituent les objets qui nous entourent (m\u00e9taux, polym\u00e8res, semi-conducteurs, c\u00e9ramiques,&hellip; <\/p>\n","protected":false},"author":1,"featured_media":0,"parent":0,"menu_order":0,"comment_status":"closed","ping_status":"closed","template":"","meta":{"footnotes":""},"class_list":["post-26","page","type-page","status-publish","hentry","clearfix"],"_links":{"self":[{"href":"https:\/\/elkhawarizmi24.com\/lm2d\/wp-json\/wp\/v2\/pages\/26","targetHints":{"allow":["GET"]}}],"collection":[{"href":"https:\/\/elkhawarizmi24.com\/lm2d\/wp-json\/wp\/v2\/pages"}],"about":[{"href":"https:\/\/elkhawarizmi24.com\/lm2d\/wp-json\/wp\/v2\/types\/page"}],"author":[{"embeddable":true,"href":"https:\/\/elkhawarizmi24.com\/lm2d\/wp-json\/wp\/v2\/users\/1"}],"replies":[{"embeddable":true,"href":"https:\/\/elkhawarizmi24.com\/lm2d\/wp-json\/wp\/v2\/comments?post=26"}],"version-history":[{"count":3,"href":"https:\/\/elkhawarizmi24.com\/lm2d\/wp-json\/wp\/v2\/pages\/26\/revisions"}],"predecessor-version":[{"id":54,"href":"https:\/\/elkhawarizmi24.com\/lm2d\/wp-json\/wp\/v2\/pages\/26\/revisions\/54"}],"wp:attachment":[{"href":"https:\/\/elkhawarizmi24.com\/lm2d\/wp-json\/wp\/v2\/media?parent=26"}],"curies":[{"name":"wp","href":"https:\/\/api.w.org\/{rel}","templated":true}]}}