{"id":27,"date":"2025-09-19T21:47:06","date_gmt":"2025-09-19T19:47:06","guid":{"rendered":"https:\/\/elkhawarizmi24.com\/lm2d\/?page_id=27"},"modified":"2025-09-30T06:21:51","modified_gmt":"2025-09-30T04:21:51","slug":"equipes-de-recherche","status":"publish","type":"page","link":"https:\/\/elkhawarizmi24.com\/lm2d\/","title":{"rendered":"\u00c9QUIPES DE RECHERCHE"},"content":{"rendered":"\n<p class=\"has-medium-font-size\">1- <a href=\"https:\/\/elkhawarizmi24.com\/lm2d\/equipe-phymo\/\">Physique Mol\u00e9culaire (Dissoute)<\/a><\/p>\n\n\n\n<p class=\"has-medium-font-size\">2- <a href=\"https:\/\/elkhawarizmi24.com\/lm2d\/equipe-mdc\/\">Mat\u00e9riaux et Durabilit\u00e9 des Constructions<\/a><\/p>\n\n\n\n<p class=\"has-medium-font-size\">3- <a href=\"https:\/\/elkhawarizmi24.com\/lm2d\/equipe-ced\/\">Chimie et Environnement durables<\/a><\/p>\n\n\n\n<p class=\"has-medium-font-size\">4- <a href=\"https:\/\/elkhawarizmi24.com\/esee\/\">\u00c9nergie et Syst\u00e8mes \u00c9lectriques et \u00c9lectroniques<\/a><\/p>\n\n\n\n<p class=\"has-medium-font-size\">5- G\u00e9nie environnemental et d\u00e9veloppement durable<\/p>\n","protected":false},"excerpt":{"rendered":"<p>1- Physique Mol\u00e9culaire (Dissoute) 2- Mat\u00e9riaux et Durabilit\u00e9 des Constructions 3- Chimie et Environnement durables 4- \u00c9nergie et Syst\u00e8mes \u00c9lectriques et \u00c9lectroniques 5- G\u00e9nie environnemental et d\u00e9veloppement durable<\/p>\n","protected":false},"author":1,"featured_media":0,"parent":0,"menu_order":0,"comment_status":"closed","ping_status":"closed","template":"","meta":{"footnotes":""},"class_list":["post-27","page","type-page","status-publish","hentry","clearfix"],"_links":{"self":[{"href":"https:\/\/elkhawarizmi24.com\/lm2d\/wp-json\/wp\/v2\/pages\/27","targetHints":{"allow":["GET"]}}],"collection":[{"href":"https:\/\/elkhawarizmi24.com\/lm2d\/wp-json\/wp\/v2\/pages"}],"about":[{"href":"https:\/\/elkhawarizmi24.com\/lm2d\/wp-json\/wp\/v2\/types\/page"}],"author":[{"embeddable":true,"href":"https:\/\/elkhawarizmi24.com\/lm2d\/wp-json\/wp\/v2\/users\/1"}],"replies":[{"embeddable":true,"href":"https:\/\/elkhawarizmi24.com\/lm2d\/wp-json\/wp\/v2\/comments?post=27"}],"version-history":[{"count":4,"href":"https:\/\/elkhawarizmi24.com\/lm2d\/wp-json\/wp\/v2\/pages\/27\/revisions"}],"predecessor-version":[{"id":63,"href":"https:\/\/elkhawarizmi24.com\/lm2d\/wp-json\/wp\/v2\/pages\/27\/revisions\/63"}],"wp:attachment":[{"href":"https:\/\/elkhawarizmi24.com\/lm2d\/wp-json\/wp\/v2\/media?parent=27"}],"curies":[{"name":"wp","href":"https:\/\/api.w.org\/{rel}","templated":true}]}}