{"id":28,"date":"2025-09-19T21:47:06","date_gmt":"2025-09-19T19:47:06","guid":{"rendered":"https:\/\/elkhawarizmi24.com\/lm2d\/?page_id=28"},"modified":"2025-09-30T06:01:39","modified_gmt":"2025-09-30T04:01:39","slug":"equipe-phymo","status":"publish","type":"page","link":"https:\/\/elkhawarizmi24.com\/lm2d\/equipe-phymo\/","title":{"rendered":"EQUIPE PHYMO"},"content":{"rendered":"\n<p>Il s\u2019agit d\u2019\u00e9tudier les propri\u00e9t\u00e9s \u00e9lectroniques et magn\u00e9tiques de diff\u00e9rents types de mol\u00e9cules, agr\u00e9gat et complexes, par des mod\u00e8les divers (ab initio, DFT, Monte carlo,\u2026) nous d\u00e9terminons les structures de ces mat\u00e9riaux de basse dimension de quelques dizaine d\u2019atomes (jusqu\u2019\u00e0 100) . Par d\u2019autre m\u00e9thodes et mod\u00e8les de simulations nous nous int\u00e9ressons au propri\u00e9t\u00e9s dynamiques de ces structures mol\u00e9culaires c\u2019est-\u00e0-dire leur formation, agr\u00e9gation et fragmentations. Notamment par les m\u00e9thodes de dynamiques mol\u00e9culaire. D\u2019autre propri\u00e9t\u00e9s telles que la photodissociation et oxydation de mat\u00e9riaux nobles sont \u00e9tudi\u00e9es. Par ailleurs, le chef d&#8217;\u00e9quipe de physique propose d&#8217;orienter les travaux de recherche vers la recherche de nouveaux mat\u00e9riaux \u00e0 faible coup de revient pour les utilis\u00e9s dans le domaine de la conversion photovolta\u00efques, Dans ce cas,il faut s&#8217;int\u00e9resser \u00e0 l&#8217;\u00e9tude des proprit\u00e9s structurales en relations avec les caract\u00e9ristiques \u00e9lectriques et optiques,<\/p>\n","protected":false},"excerpt":{"rendered":"<p>Il s\u2019agit d\u2019\u00e9tudier les propri\u00e9t\u00e9s \u00e9lectroniques et magn\u00e9tiques de diff\u00e9rents types de mol\u00e9cules, agr\u00e9gat et complexes, par des mod\u00e8les divers (ab initio, DFT, Monte carlo,\u2026) nous d\u00e9terminons les structures de ces mat\u00e9riaux de basse dimension de quelques dizaine d\u2019atomes (jusqu\u2019\u00e0 100) . Par d\u2019autre m\u00e9thodes et mod\u00e8les de simulations nous nous int\u00e9ressons au propri\u00e9t\u00e9s dynamiques de ces structures mol\u00e9culaires c\u2019est-\u00e0-dire leur formation, agr\u00e9gation et fragmentations.&hellip; <\/p>\n","protected":false},"author":1,"featured_media":0,"parent":0,"menu_order":0,"comment_status":"closed","ping_status":"closed","template":"","meta":{"footnotes":""},"class_list":["post-28","page","type-page","status-publish","hentry","clearfix"],"_links":{"self":[{"href":"https:\/\/elkhawarizmi24.com\/lm2d\/wp-json\/wp\/v2\/pages\/28","targetHints":{"allow":["GET"]}}],"collection":[{"href":"https:\/\/elkhawarizmi24.com\/lm2d\/wp-json\/wp\/v2\/pages"}],"about":[{"href":"https:\/\/elkhawarizmi24.com\/lm2d\/wp-json\/wp\/v2\/types\/page"}],"author":[{"embeddable":true,"href":"https:\/\/elkhawarizmi24.com\/lm2d\/wp-json\/wp\/v2\/users\/1"}],"replies":[{"embeddable":true,"href":"https:\/\/elkhawarizmi24.com\/lm2d\/wp-json\/wp\/v2\/comments?post=28"}],"version-history":[{"count":2,"href":"https:\/\/elkhawarizmi24.com\/lm2d\/wp-json\/wp\/v2\/pages\/28\/revisions"}],"predecessor-version":[{"id":55,"href":"https:\/\/elkhawarizmi24.com\/lm2d\/wp-json\/wp\/v2\/pages\/28\/revisions\/55"}],"wp:attachment":[{"href":"https:\/\/elkhawarizmi24.com\/lm2d\/wp-json\/wp\/v2\/media?parent=28"}],"curies":[{"name":"wp","href":"https:\/\/api.w.org\/{rel}","templated":true}]}}